{"id":1895,"date":"2016-04-27T11:40:06","date_gmt":"2016-04-27T02:40:06","guid":{"rendered":"http:\/\/www.smec.co.kr\/es\/wind-power\/research-compatibility\/"},"modified":"2016-07-07T17:56:50","modified_gmt":"2016-07-07T08:56:50","slug":"research-compatibility","status":"publish","type":"page","link":"http:\/\/www.smec.co.kr\/es\/wind-power\/research-compatibility\/","title":{"rendered":"Contenido de la investigaci\u00f3n y conformidad"},"content":{"rendered":"<div class=\"flex_column av_one_full  flex_column_div av-zero-column-padding first  \" style='border-radius:0px; '><section class=\"av_textblock_section\"  itemscope=\"itemscope\" itemtype=\"https:\/\/schema.org\/CreativeWork\" ><div class='avia_textblock '  style='font-size:18px; '  itemprop=\"text\" ><p><span class=\"bold\">Objetivo final de la investigaci\u00f3n: desarrollar un generador permanente y directamente alimentado para peque\u00f1os generadores de energ\u00eda e\u00f3lica de 5KW.<\/span><\/p>\n<\/div><\/section><\/div><div class=\"flex_column av_one_half  no_margin flex_column_div av-zero-column-padding first   \" style='margin-top:30px; margin-bottom:30px; border-radius:0px; '><div class='avia-image-container  av-styling-    avia-align-left '  itemscope=\"itemscope\" itemtype=\"https:\/\/schema.org\/ImageObject\"  ><div class='avia-image-container-inner'><img class='avia_image ' src='http:\/\/www.smec.co.kr\/wp-content\/uploads\/2016\/04\/conformance01.jpg' alt='' title='conformance01'   itemprop=\"contentURL\"  \/><\/div><\/div><\/div><\/p><div class=\"flex_column av_one_half  no_margin flex_column_div av-zero-column-padding   \" style='margin-top:30px; margin-bottom:30px; border-radius:0px; '><p><div style='padding-bottom:10px;' class='av-special-heading av-special-heading-h4  blockquote modern-quote  '><h4 class='av-special-heading-tag'  itemprop=\"headline\"  >Objetivos de investigaci\u00f3n<\/h4><div class='special-heading-border'><div class='special-heading-inner-border' ><\/div><\/div><\/div><section class=\"av_textblock_section\"  itemscope=\"itemscope\" itemtype=\"https:\/\/schema.org\/CreativeWork\" ><div class='avia_textblock '   itemprop=\"text\" ><ul>\n<li>Desarrollo de una tecnolog\u00eda \u00f3ptima de dise\u00f1o y fabricaci\u00f3n de peque\u00f1os generadores e\u00f3licos de 5kW con tecnolog\u00edas para reducir su peso y sus costos.<\/li>\n<\/ul>\n<\/div><\/section><div style='padding-bottom:10px;' class='av-special-heading av-special-heading-h4  blockquote modern-quote  '><h4 class='av-special-heading-tag'  itemprop=\"headline\"  >Contenido de la investigaci\u00f3n principal<\/h4><div class='special-heading-border'><div class='special-heading-inner-border' ><\/div><\/div><\/div><section class=\"av_textblock_section\"  itemscope=\"itemscope\" itemtype=\"https:\/\/schema.org\/CreativeWork\" ><div class='avia_textblock '   itemprop=\"text\" ><ul>\n<li>Verificaci\u00f3n de las diversas variaciones de dise\u00f1o y resultados a trav\u00e9s del an\u00e1lisis del campo electromagn\u00e9tico, el flujo de calor y la estructura.<\/li>\n<li>Control y an\u00e1lisis del dise\u00f1o y la variaci\u00f3n del generador que posibilita el aligeramiento del peso y la reducci\u00f3n de costos.<\/li>\n<li>Comprobaci\u00f3n de la compatibilidad del producto en funci\u00f3n del sistema e\u00f3lico y del escenario de funcionamiento del generador<\/li>\n<li>Generaci\u00f3n de peque\u00f1a prueba del generador e\u00f3lico y control\/evaluaci\u00f3n\/certificaci\u00f3n de rendimiento<\/li>\n<\/ul>\n<\/div><\/section><\/p><\/div>","protected":false},"excerpt":{"rendered":"","protected":false},"author":1,"featured_media":0,"parent":1892,"menu_order":3,"comment_status":"closed","ping_status":"closed","template":"template_subpage02.php","meta":[],"_links":{"self":[{"href":"http:\/\/www.smec.co.kr\/es\/wp-json\/wp\/v2\/pages\/1895"}],"collection":[{"href":"http:\/\/www.smec.co.kr\/es\/wp-json\/wp\/v2\/pages"}],"about":[{"href":"http:\/\/www.smec.co.kr\/es\/wp-json\/wp\/v2\/types\/page"}],"author":[{"embeddable":true,"href":"http:\/\/www.smec.co.kr\/es\/wp-json\/wp\/v2\/users\/1"}],"replies":[{"embeddable":true,"href":"http:\/\/www.smec.co.kr\/es\/wp-json\/wp\/v2\/comments?post=1895"}],"version-history":[{"count":2,"href":"http:\/\/www.smec.co.kr\/es\/wp-json\/wp\/v2\/pages\/1895\/revisions"}],"predecessor-version":[{"id":1897,"href":"http:\/\/www.smec.co.kr\/es\/wp-json\/wp\/v2\/pages\/1895\/revisions\/1897"}],"up":[{"embeddable":true,"href":"http:\/\/www.smec.co.kr\/es\/wp-json\/wp\/v2\/pages\/1892"}],"wp:attachment":[{"href":"http:\/\/www.smec.co.kr\/es\/wp-json\/wp\/v2\/media?parent=1895"}],"curies":[{"name":"wp","href":"https:\/\/api.w.org\/{rel}","templated":true}]}}