{"id":1887,"date":"2016-04-15T15:58:19","date_gmt":"2016-04-15T06:58:19","guid":{"rendered":"http:\/\/www.smec.co.kr\/es\/about-small-wind-and-solar\/"},"modified":"2016-07-07T20:38:36","modified_gmt":"2016-07-07T11:38:36","slug":"about-small-wind-and-solar","status":"publish","type":"page","link":"http:\/\/www.smec.co.kr\/es\/wind-power\/about-small-wind-and-solar\/","title":{"rendered":"Descripci\u00f3n de peque\u00f1os generadores de energ\u00eda e\u00f3lica y solar"},"content":{"rendered":"<div class=\"flex_column av_one_full  flex_column_div first  wind_sun_power_01 \" style='background-image:url(http:\/\/www.smec.co.kr\/wp-content\/uploads\/2016\/04\/wind_sun_power_intro_bg.jpg); background-position:center right; background-repeat:no-repeat; border-width:1px; border-style:solid; padding:35px 20px 0px 190px ; border-radius:0px; '><p><section class=\"av_textblock_section\"  itemscope=\"itemscope\" itemtype=\"https:\/\/schema.org\/CreativeWork\" ><div class='avia_textblock  av_inherit_color'  style='font-size:22px; color:#00557e; '  itemprop=\"text\" ><p><strong>Peque\u00f1os generadores e\u00f3licos y solares<\/strong><\/p>\n<\/div><\/section><section class=\"av_textblock_section\"  itemscope=\"itemscope\" itemtype=\"https:\/\/schema.org\/CreativeWork\" ><div class='avia_textblock  av_inherit_color'  style='font-size:16px; color:#454545; '  itemprop=\"text\" ><p>Es un innovador sistema pensado para gestionar las demandas de electricidad de hogares o instalaciones p\u00fablicas en zonas monta\u00f1osas y pa\u00edses en desarrollo que tengan dificultades para conectarse a la red. Tambi\u00e9n puede contribuir a la prosperidad de la humanidad y dar soluci\u00f3n a las deficiencias de los sistemas de generaci\u00f3n de electricidad existentes.<\/p>\n<\/div><\/section><\/p><\/div><div class=\"flex_column av_one_full  flex_column_div av-zero-column-padding first  \" style='border-radius:0px; '><div class='avia-image-container  av-styling-    avia-align-center '  itemscope=\"itemscope\" itemtype=\"https:\/\/schema.org\/ImageObject\"  ><div class='avia-image-container-inner'><img class='avia_image ' src='http:\/\/www.smec.co.kr\/wp-content\/uploads\/2016\/04\/wind_sun_power_diagram-3.jpg' alt='' title='wind_sun_power_diagram'   itemprop=\"contentURL\"  \/><\/div><\/div><\/div><div class=\"flex_column av_one_full  flex_column_div av-zero-column-padding first   \" style='margin-top:20px; margin-bottom:0; border-radius:0px; '><section class=\"av_textblock_section\"  itemscope=\"itemscope\" itemtype=\"https:\/\/schema.org\/CreativeWork\" ><div class='avia_textblock '  style='font-size:16px; '  itemprop=\"text\" ><p>La energ\u00eda e\u00f3lica tiene un gran potencial y es muy econ\u00f3mica entre los recursos energ\u00e9ticos naturales. Su eficiencia tambi\u00e9n atrae la atenci\u00f3n por ser una soluci\u00f3n clave al tratarse de una fuente de energ\u00eda altamente disponible por su peque\u00f1a \u00e1rea por unidad.<\/p>\n<\/div><\/section><\/div><\/p><div style='height:50px' class='hr hr-invisible  '><span class='hr-inner ' ><span class='hr-inner-style'><\/span><\/span><\/div>","protected":false},"excerpt":{"rendered":"","protected":false},"author":1,"featured_media":0,"parent":1892,"menu_order":1,"comment_status":"closed","ping_status":"closed","template":"template_subpage02.php","meta":[],"_links":{"self":[{"href":"http:\/\/www.smec.co.kr\/es\/wp-json\/wp\/v2\/pages\/1887"}],"collection":[{"href":"http:\/\/www.smec.co.kr\/es\/wp-json\/wp\/v2\/pages"}],"about":[{"href":"http:\/\/www.smec.co.kr\/es\/wp-json\/wp\/v2\/types\/page"}],"author":[{"embeddable":true,"href":"http:\/\/www.smec.co.kr\/es\/wp-json\/wp\/v2\/users\/1"}],"replies":[{"embeddable":true,"href":"http:\/\/www.smec.co.kr\/es\/wp-json\/wp\/v2\/comments?post=1887"}],"version-history":[{"count":2,"href":"http:\/\/www.smec.co.kr\/es\/wp-json\/wp\/v2\/pages\/1887\/revisions"}],"predecessor-version":[{"id":2010,"href":"http:\/\/www.smec.co.kr\/es\/wp-json\/wp\/v2\/pages\/1887\/revisions\/2010"}],"up":[{"embeddable":true,"href":"http:\/\/www.smec.co.kr\/es\/wp-json\/wp\/v2\/pages\/1892"}],"wp:attachment":[{"href":"http:\/\/www.smec.co.kr\/es\/wp-json\/wp\/v2\/media?parent=1887"}],"curies":[{"name":"wp","href":"https:\/\/api.w.org\/{rel}","templated":true}]}}