{"id":1876,"date":"2016-04-27T11:21:20","date_gmt":"2016-04-27T02:21:20","guid":{"rendered":"http:\/\/www.smec.co.kr\/es\/smart-window-system\/technology-development\/"},"modified":"2016-07-07T17:40:19","modified_gmt":"2016-07-07T08:40:19","slug":"technology-development","status":"publish","type":"page","link":"http:\/\/www.smec.co.kr\/es\/smart-window-system\/technology-development\/","title":{"rendered":"Desarrollo tecnol\u00f3gico"},"content":{"rendered":"<div class=\"flex_column av_one_full  no_margin flex_column_div av-zero-column-padding first   \" style='border-radius:0px; '><p><div style='padding-bottom:10px;' class='av-special-heading av-special-heading-h4  blockquote modern-quote  '><h4 class='av-special-heading-tag'  itemprop=\"headline\"  >Desarrollo del sistema de ventanas<\/h4><div class='special-heading-border'><div class='special-heading-inner-border' ><\/div><\/div><\/div><section class=\"av_textblock_section\"  itemscope=\"itemscope\" itemtype=\"https:\/\/schema.org\/CreativeWork\" ><div class='avia_textblock '   itemprop=\"text\" ><p>Desarrollamos unos sistemas de ventanas que constan de motor y caja de cambios de la parte operativa, bastidor principal, vidrio templado y sistema operativo y panel de control y tablet PC del controlador.<\/p>\n<p>Dise\u00f1amos la forma de ranuras estudiando la estructura y el \u00e1ngulo de rotaci\u00f3n del sol para maximizar la luz solar que entra en el lugar de trabajo a medida que va cambiando la luz del sol en funci\u00f3n de la \u00e9poca del a\u00f1o y la hora.<\/p>\n<\/div><\/section><\/p><\/div><div class=\"flex_column av_one_full  flex_column_div av-zero-column-padding first  \" style='border-radius:0px; '><div style='padding-bottom:10px;' class='av-special-heading av-special-heading-h4  blockquote modern-quote  '><h4 class='av-special-heading-tag'  itemprop=\"headline\"  >Desarrollo de motores y reductores de engranajes<\/h4><div class='special-heading-border'><div class='special-heading-inner-border' ><\/div><\/div><\/div><\/div><div class=\"flex_column av_one_half  flex_column_div av-zero-column-padding first   \" style='margin-top:0px; margin-bottom:0px; border-radius:0px; '><div class='avia-image-container  av-styling-    avia-align-center '  itemscope=\"itemscope\" itemtype=\"https:\/\/schema.org\/ImageObject\"  ><div class='avia-image-container-inner'><img class='avia_image ' src='http:\/\/www.smec.co.kr\/wp-content\/uploads\/2016\/04\/technology_devolopment.jpg' alt='' title='technology_devolopment'   itemprop=\"contentURL\"  \/><\/div><\/div><\/div><\/p><div class=\"flex_column av_one_half  flex_column_div av-zero-column-padding   \" style='margin-top:0px; margin-bottom:0px; border-radius:0px; '><section class=\"av_textblock_section\"  itemscope=\"itemscope\" itemtype=\"https:\/\/schema.org\/CreativeWork\" ><div class='avia_textblock '   itemprop=\"text\" ><p>Desarrollamos el motor monof\u00e1sico de 4 polos con salida de 90W 220V 60Hz y n\u00facleo de bobina, n\u00facleo y n\u00facleo del rotor haciendo las ranuras m\u00e1s grandes con el fin de crear un peque\u00f1o motor con mayores rendimientos.<\/p>\n<\/div><\/section><\/div>","protected":false},"excerpt":{"rendered":"","protected":false},"author":1,"featured_media":0,"parent":1868,"menu_order":4,"comment_status":"closed","ping_status":"closed","template":"template_subpage02.php","meta":[],"_links":{"self":[{"href":"http:\/\/www.smec.co.kr\/es\/wp-json\/wp\/v2\/pages\/1876"}],"collection":[{"href":"http:\/\/www.smec.co.kr\/es\/wp-json\/wp\/v2\/pages"}],"about":[{"href":"http:\/\/www.smec.co.kr\/es\/wp-json\/wp\/v2\/types\/page"}],"author":[{"embeddable":true,"href":"http:\/\/www.smec.co.kr\/es\/wp-json\/wp\/v2\/users\/1"}],"replies":[{"embeddable":true,"href":"http:\/\/www.smec.co.kr\/es\/wp-json\/wp\/v2\/comments?post=1876"}],"version-history":[{"count":1,"href":"http:\/\/www.smec.co.kr\/es\/wp-json\/wp\/v2\/pages\/1876\/revisions"}],"predecessor-version":[{"id":1877,"href":"http:\/\/www.smec.co.kr\/es\/wp-json\/wp\/v2\/pages\/1876\/revisions\/1877"}],"up":[{"embeddable":true,"href":"http:\/\/www.smec.co.kr\/es\/wp-json\/wp\/v2\/pages\/1868"}],"wp:attachment":[{"href":"http:\/\/www.smec.co.kr\/es\/wp-json\/wp\/v2\/media?parent=1876"}],"curies":[{"name":"wp","href":"https:\/\/api.w.org\/{rel}","templated":true}]}}