{"id":1872,"date":"2016-04-15T14:00:10","date_gmt":"2016-04-15T05:00:10","guid":{"rendered":"http:\/\/www.smec.co.kr\/es\/smart-window-system\/features\/"},"modified":"2016-07-07T17:37:13","modified_gmt":"2016-07-07T08:37:13","slug":"features","status":"publish","type":"page","link":"http:\/\/www.smec.co.kr\/es\/smart-window-system\/features\/","title":{"rendered":"Caracter\u00edsticas del producto"},"content":{"rendered":"<div class=\"flex_column av_three_fourth  no_margin flex_column_div av-zero-column-padding first   \" style='border-radius:0px; '><p><div style='padding-bottom:10px;' class='av-special-heading av-special-heading-h4  blockquote modern-quote  '><h4 class='av-special-heading-tag'  itemprop=\"headline\"  >Mejora de la eficiencia energ\u00e9tica y ahorro<\/h4><div class='special-heading-border'><div class='special-heading-inner-border' ><\/div><\/div><\/div><section class=\"av_textblock_section\"  itemscope=\"itemscope\" itemtype=\"https:\/\/schema.org\/CreativeWork\" ><div class='avia_textblock '   itemprop=\"text\" ><ul>\n<li>Utilizaci\u00f3n de nuevas fuentes de energ\u00eda ecol\u00f3gicas y renovables (energ\u00eda solar)<\/li>\n<li>Reducci\u00f3n de los costos energ\u00e9ticos (iluminaci\u00f3n, calefacci\u00f3n)<\/li>\n<li>Fortalecimiento de la competitividad de la producci\u00f3n y de los productos (reducci\u00f3n del suministro y del d\u00e9ficit, mejora de la calidad, prevenci\u00f3n de accidentes)<\/li>\n<\/ul>\n<\/div><\/section><\/p><\/div><div class=\"flex_column av_one_fourth  no_margin flex_column_div av-zero-column-padding   \" style='border-radius:0px; '><\/div><\/p><div class=\"flex_column av_one_full  flex_column_div av-zero-column-padding first   \" style='border-radius:0px; '><div style='padding-bottom:10px;' class='av-special-heading av-special-heading-h4  blockquote modern-quote  '><h4 class='av-special-heading-tag'  itemprop=\"headline\"  >Mejora de la gesti\u00f3n de seguridad industrial<\/h4><div class='special-heading-border'><div class='special-heading-inner-border' ><\/div><\/div><\/div><\/div><div class=\"flex_column av_one_half  flex_column_div av-zero-column-padding first   \" style='margin-top:0px; margin-bottom:0px; border-radius:0px; '><div class='avia-image-container  av-styling-    avia-align-center '  itemscope=\"itemscope\" itemtype=\"https:\/\/schema.org\/ImageObject\"  ><div class='avia-image-container-inner'><img class='avia_image ' src='http:\/\/www.smec.co.kr\/wp-content\/uploads\/2016\/04\/smartwindowsystem-features.jpg' alt='' title='smartwindowsystem-features'   itemprop=\"contentURL\"  \/><\/div><\/div><\/div><\/p><div class=\"flex_column av_one_half  flex_column_div av-zero-column-padding   \" style='margin-top:0px; margin-bottom:0px; border-radius:0px; '><section class=\"av_textblock_section\"  itemscope=\"itemscope\" itemtype=\"https:\/\/schema.org\/CreativeWork\" ><div class='avia_textblock '   itemprop=\"text\" ><ul>\n<li>Sistema de iluminaci\u00f3n natural que utiliza energ\u00eda solar (mejora de la productividad)<\/li>\n<li>Reducci\u00f3n de la tasa de defectos (entorno de trabajo)<\/li>\n<li>Reducci\u00f3n de los costos de calefacci\u00f3n en invierno (utilizando energ\u00eda solar)<\/li>\n<li>Prevenci\u00f3n de incendios (productos el\u00e9ctricos y de calefacci\u00f3n) y accidentes (entorno de trabajo)<\/li>\n<li>Cumplimiento de los requisitos de los lugares de trabajo limpios (entorno de trabajo)<\/li>\n<li>Videos<\/li>\n<\/ul>\n<\/div><\/section><\/div>","protected":false},"excerpt":{"rendered":"","protected":false},"author":1,"featured_media":0,"parent":1868,"menu_order":2,"comment_status":"closed","ping_status":"closed","template":"template_subpage02.php","meta":[],"_links":{"self":[{"href":"http:\/\/www.smec.co.kr\/es\/wp-json\/wp\/v2\/pages\/1872"}],"collection":[{"href":"http:\/\/www.smec.co.kr\/es\/wp-json\/wp\/v2\/pages"}],"about":[{"href":"http:\/\/www.smec.co.kr\/es\/wp-json\/wp\/v2\/types\/page"}],"author":[{"embeddable":true,"href":"http:\/\/www.smec.co.kr\/es\/wp-json\/wp\/v2\/users\/1"}],"replies":[{"embeddable":true,"href":"http:\/\/www.smec.co.kr\/es\/wp-json\/wp\/v2\/comments?post=1872"}],"version-history":[{"count":1,"href":"http:\/\/www.smec.co.kr\/es\/wp-json\/wp\/v2\/pages\/1872\/revisions"}],"predecessor-version":[{"id":1873,"href":"http:\/\/www.smec.co.kr\/es\/wp-json\/wp\/v2\/pages\/1872\/revisions\/1873"}],"up":[{"embeddable":true,"href":"http:\/\/www.smec.co.kr\/es\/wp-json\/wp\/v2\/pages\/1868"}],"wp:attachment":[{"href":"http:\/\/www.smec.co.kr\/es\/wp-json\/wp\/v2\/media?parent=1872"}],"curies":[{"name":"wp","href":"https:\/\/api.w.org\/{rel}","templated":true}]}}