{"id":1870,"date":"2016-04-15T13:41:25","date_gmt":"2016-04-15T04:41:25","guid":{"rendered":"http:\/\/www.smec.co.kr\/es\/smart-window-system\/it-based-intelligent\/"},"modified":"2016-07-07T17:35:40","modified_gmt":"2016-07-07T08:35:40","slug":"it-based-intelligent","status":"publish","type":"page","link":"http:\/\/www.smec.co.kr\/es\/smart-window-system\/it-based-intelligent\/","title":{"rendered":"Tipo inteligente basado en TI"},"content":{"rendered":"<div class=\"flex_column av_one_full  flex_column_div av-zero-column-padding first  \" style='border-radius:0px; '><p><section class=\"av_textblock_section\"  itemscope=\"itemscope\" itemtype=\"https:\/\/schema.org\/CreativeWork\" ><div class='avia_textblock  av_inherit_color'  style='font-size:18px; color:#2b2b2b; '  itemprop=\"text\" ><p><strong>Es un sistema de ventanas para peque\u00f1os motores el\u00e9ctricos que controla autom\u00e1ticamente el \u00e1ngulo de entrada de la luz solar para la aplicaci\u00f3n de nuevas energ\u00edas renovables, la gesti\u00f3n industrial segura y unos centros de trabajo limpios. <\/strong><\/p>\n<\/div><\/section><div class='avia-image-container  av-styling-    avia-align-center '  itemscope=\"itemscope\" itemtype=\"https:\/\/schema.org\/ImageObject\"  ><div class='avia-image-container-inner'><img class='avia_image ' src='http:\/\/www.smec.co.kr\/wp-content\/uploads\/2016\/04\/it-based-intelligent.png' alt='' title='it-based-intelligent'   itemprop=\"contentURL\"  \/><\/div><\/div><\/p><\/div>","protected":false},"excerpt":{"rendered":"","protected":false},"author":1,"featured_media":0,"parent":1868,"menu_order":1,"comment_status":"closed","ping_status":"closed","template":"template_subpage02.php","meta":[],"_links":{"self":[{"href":"http:\/\/www.smec.co.kr\/es\/wp-json\/wp\/v2\/pages\/1870"}],"collection":[{"href":"http:\/\/www.smec.co.kr\/es\/wp-json\/wp\/v2\/pages"}],"about":[{"href":"http:\/\/www.smec.co.kr\/es\/wp-json\/wp\/v2\/types\/page"}],"author":[{"embeddable":true,"href":"http:\/\/www.smec.co.kr\/es\/wp-json\/wp\/v2\/users\/1"}],"replies":[{"embeddable":true,"href":"http:\/\/www.smec.co.kr\/es\/wp-json\/wp\/v2\/comments?post=1870"}],"version-history":[{"count":1,"href":"http:\/\/www.smec.co.kr\/es\/wp-json\/wp\/v2\/pages\/1870\/revisions"}],"predecessor-version":[{"id":1871,"href":"http:\/\/www.smec.co.kr\/es\/wp-json\/wp\/v2\/pages\/1870\/revisions\/1871"}],"up":[{"embeddable":true,"href":"http:\/\/www.smec.co.kr\/es\/wp-json\/wp\/v2\/pages\/1868"}],"wp:attachment":[{"href":"http:\/\/www.smec.co.kr\/es\/wp-json\/wp\/v2\/media?parent=1870"}],"curies":[{"name":"wp","href":"https:\/\/api.w.org\/{rel}","templated":true}]}}