{"id":1809,"date":"2016-05-19T15:17:03","date_gmt":"2016-05-19T06:17:03","guid":{"rendered":"http:\/\/www.smec.co.kr\/es\/smg-geared-motor-series\/"},"modified":"2020-12-23T15:41:11","modified_gmt":"2020-12-23T06:41:11","slug":"smg-geared-motor-series","status":"publish","type":"page","link":"http:\/\/www.smec.co.kr\/es\/products\/smg-geared-motor-series\/","title":{"rendered":"Gamas de motor reductor SMG"},"content":{"rendered":"<div class=\"flex_column av_one_full  flex_column_div first   \" style='background-image:url(http:\/\/www.smec.co.kr\/wp-content\/uploads\/2016\/04\/folder_icon_bg_big-2.png); background-position:top left; background-repeat:no-repeat; border-width:2px; border-color:#ddd8ce; border-style:solid; padding:10px; background-color:#fdf9f4; border-radius:0px; '><section class=\"av_textblock_section\"  itemscope=\"itemscope\" itemtype=\"https:\/\/schema.org\/CreativeWork\" ><div class='avia_textblock catal_box av_inherit_color'  style='font-size:16px; color:#444444; '  itemprop=\"text\" ><p style=\"text-align: center;\"><strong>Comun\u00edquese con nosotros para obtener especificaciones y caracter\u00edsticas detalladas (+ 82-31-988-4102).<\/strong><\/p>\n<\/div><\/section><\/div><div class=\"flex_column av_one_full  flex_column_div av-zero-column-padding first  \" style='border-radius:0px; '><div style='padding-bottom:18px;' class='av-special-heading av-special-heading-h4  blockquote modern-quote  '><h4 class='av-special-heading-tag'  itemprop=\"headline\"  >Motor de engranajes SMG &#8211; MOTOR REDUCTOR SMG est\u00e1ndar Tipo trif\u00e1sico est\u00e1ndar H\/T<\/h4><div class='special-heading-border'><div class='special-heading-inner-border' ><\/div><\/div><\/div><\/div><\/p><div class=\"flex_column av_two_fifth  no_margin flex_column_div av-zero-column-padding first   \" style='margin-top:0px; margin-bottom:0px; border-radius:0px; '><div class='avia-image-container  av-styling-    avia-align-left '  itemscope=\"itemscope\" itemtype=\"https:\/\/schema.org\/ImageObject\"  ><div class='avia-image-container-inner'><img class='avia_image ' src='http:\/\/www.smec.co.kr\/wp-content\/uploads\/2016\/05\/SMG_GEARED_MOTOR_Three_Phase_Standard_H-T_Type.jpg' alt='' title='SMG_GEARED_MOTOR_Three_Phase_Standard_(H-T)_Type'   itemprop=\"contentURL\"  \/><\/div><\/div><\/div><div class=\"flex_column av_three_fifth  no_margin flex_column_div av-zero-column-padding   \" style='margin-top:0px; margin-bottom:0px; border-radius:0px; '><section class=\"av_textblock_section\"  itemscope=\"itemscope\" itemtype=\"https:\/\/schema.org\/CreativeWork\" ><div class='avia_textblock '   itemprop=\"text\" ><p><span class=\"bold\">Especificaciones<\/span><\/p>\n<ul>\n<li>Voltaje: 220V, 220\/380V, 380V, 220\/440V, 440V<\/li>\n<li>Frecuencia: 60Hz, 50Hz<\/li>\n<li>Polos: 4P<\/li>\n<li>Rpm : 1800(1500)<\/li>\n<li>Tipo de cerramiento: totalmente cerrado<\/li>\n<li>Sistema de refrigeraci\u00f3n: de ventilador<\/li>\n<li>Clasificaci\u00f3n: continua<\/li>\n<li>Aislamiento de clase: B, F<\/li>\n<\/ul>\n<\/div><\/section><\/div><div style='height:50px' class='hr hr-invisible  '><span class='hr-inner ' ><span class='hr-inner-style'><\/span><\/span><\/div><div class=\"flex_column av_one_full  flex_column_div av-zero-column-padding first  \" style='border-radius:0px; '><div style='padding-bottom:18px;' class='av-special-heading av-special-heading-h4  blockquote modern-quote  '><h4 class='av-special-heading-tag'  itemprop=\"headline\"  >Motor de engranajes SMG &#8211; MOTOR REDUCTOR SMG Tipo trif\u00e1sico de brida V\/T<\/h4><div class='special-heading-border'><div class='special-heading-inner-border' ><\/div><\/div><\/div><\/div><div class=\"flex_column av_two_fifth  no_margin flex_column_div av-zero-column-padding first   \" style='margin-top:0px; margin-bottom:0px; border-radius:0px; '><div class='avia-image-container  av-styling-    avia-align-left '  itemscope=\"itemscope\" itemtype=\"https:\/\/schema.org\/ImageObject\"  ><div class='avia-image-container-inner'><img class='avia_image ' src='http:\/\/www.smec.co.kr\/wp-content\/uploads\/2016\/05\/SMG_GEARED_MOTOR_Three_Phase_Flange_V-T_Type.jpg' alt='' title='SMG_GEARED_MOTOR_Three_Phase_Flange_(V-T)_Type'   itemprop=\"contentURL\"  \/><\/div><\/div><\/div><div class=\"flex_column av_three_fifth  no_margin flex_column_div av-zero-column-padding   \" style='margin-top:0px; margin-bottom:0px; border-radius:0px; '><section class=\"av_textblock_section\"  itemscope=\"itemscope\" itemtype=\"https:\/\/schema.org\/CreativeWork\" ><div class='avia_textblock '   itemprop=\"text\" ><p><span class=\"bold\">Especificaciones<\/span><\/p>\n<ul>\n<li>Voltaje: 220V, 220\/380V, 380V, 220\/440V, 440V<\/li>\n<li>Frecuencia: 60Hz, 50Hz<\/li>\n<li>Polos: 4P<\/li>\n<li>Rpm : 1800(1500)<\/li>\n<li>Tipo de cerramiento: totalmente cerrado<\/li>\n<li>Sistema de refrigeraci\u00f3n: de ventilador<\/li>\n<li>Clasificaci\u00f3n: continua<\/li>\n<li>Aislamiento de clase: B, F<\/li>\n<\/ul>\n<\/div><\/section><\/div><div style='height:50px' class='hr hr-invisible  '><span class='hr-inner ' ><span class='hr-inner-style'><\/span><\/span><\/div><div class=\"flex_column av_one_full  flex_column_div av-zero-column-padding first  \" style='border-radius:0px; '><div style='padding-bottom:18px;' class='av-special-heading av-special-heading-h4  blockquote modern-quote  '><h4 class='av-special-heading-tag'  itemprop=\"headline\"  >Motor de engranajes SMG &#8211; MOTOR REDUCTOR SMG Tipo monof\u00e1sico est\u00e1ndar H\/T<\/h4><div class='special-heading-border'><div class='special-heading-inner-border' ><\/div><\/div><\/div><\/div><div class=\"flex_column av_two_fifth  no_margin flex_column_div av-zero-column-padding first   \" style='margin-top:0px; margin-bottom:0px; border-radius:0px; '><div class='avia-image-container  av-styling-    avia-align-left '  itemscope=\"itemscope\" itemtype=\"https:\/\/schema.org\/ImageObject\"  ><div class='avia-image-container-inner'><img class='avia_image ' src='http:\/\/www.smec.co.kr\/wp-content\/uploads\/2016\/05\/SMG_GEARED_MOTOR_Single_Phase_StandardH-T_Type.jpg' alt='' title='SMG_GEARED_MOTOR_Single_Phase_Standard(H-T)_Type'   itemprop=\"contentURL\"  \/><\/div><\/div><\/div><div class=\"flex_column av_three_fifth  no_margin flex_column_div av-zero-column-padding   \" style='margin-top:0px; margin-bottom:0px; border-radius:0px; '><section class=\"av_textblock_section\"  itemscope=\"itemscope\" itemtype=\"https:\/\/schema.org\/CreativeWork\" ><div class='avia_textblock '   itemprop=\"text\" ><p><span class=\"bold\">Especificaciones<\/span><\/p>\n<ul>\n<li>Voltaje: 220V, 110\/220V, 115\/230V, 230V<\/li>\n<li>Frecuencia: 60Hz, 50Hz<\/li>\n<li>Polos: 4P<\/li>\n<li>Rpm : 1800(1500)<\/li>\n<li>Tipo de cerramiento: abierto a prueba de goteo<\/li>\n<li>Clasificaci\u00f3n: continua<\/li>\n<li>Aislamiento de clase: B, F<\/li>\n<li>M\u00e9todo de arranque:\n<ul>\n<li>arranque de fase partida<\/li>\n<li>Arranque por condensador<\/li>\n<li>Arranque por condensador y funcionamiento por condensador<\/li>\n<\/ul>\n<\/li>\n<\/ul>\n<\/div><\/section><\/div><div style='height:50px' class='hr hr-invisible  '><span class='hr-inner ' ><span class='hr-inner-style'><\/span><\/span><\/div><div class=\"flex_column av_one_full  flex_column_div av-zero-column-padding first  \" style='border-radius:0px; '><div style='padding-bottom:18px;' class='av-special-heading av-special-heading-h4  blockquote modern-quote  '><h4 class='av-special-heading-tag'  itemprop=\"headline\"  >Motor de engranajes SMG &#8211; MOTOR REDUCTOR SMG Tipo monof\u00e1sico de brida V\/T<\/h4><div class='special-heading-border'><div class='special-heading-inner-border' ><\/div><\/div><\/div><\/div><div class=\"flex_column av_two_fifth  no_margin flex_column_div av-zero-column-padding first   \" style='margin-top:0px; margin-bottom:0px; border-radius:0px; '><div class='avia-image-container  av-styling-    avia-align-left '  itemscope=\"itemscope\" itemtype=\"https:\/\/schema.org\/ImageObject\"  ><div class='avia-image-container-inner'><img class='avia_image ' src='http:\/\/www.smec.co.kr\/wp-content\/uploads\/2016\/05\/SMG_GEARED_MOTOR_Single_Phase_FlangeV-T_Type.jpg' alt='' title='SMG_GEARED_MOTOR_Single_Phase_Flange(V-T)_Type'   itemprop=\"contentURL\"  \/><\/div><\/div><\/div><div class=\"flex_column av_three_fifth  no_margin flex_column_div av-zero-column-padding   \" style='margin-top:0px; margin-bottom:0px; border-radius:0px; '><section class=\"av_textblock_section\"  itemscope=\"itemscope\" itemtype=\"https:\/\/schema.org\/CreativeWork\" ><div class='avia_textblock '   itemprop=\"text\" ><p><span class=\"bold\">Especificaciones<\/span><\/p>\n<ul>\n<li>Voltaje: 220V, 110\/220V, 115\/230V, 230V<\/li>\n<li>Frecuencia: 60Hz, 50Hz<\/li>\n<li>Polos: 4P<\/li>\n<li>Rpm : 1800(1500)<\/li>\n<li>Tipo de cerramiento: abierto a prueba de goteo<\/li>\n<li>Clasificaci\u00f3n: continua<\/li>\n<li>Aislamiento de clase: B, F<\/li>\n<li>M\u00e9todo de arranque:\n<ul>\n<li>arranque de fase partida<\/li>\n<li>Arranque por condensador<\/li>\n<li>Arranque por condensador y funcionamiento por condensador<\/li>\n<\/ul>\n<\/li>\n<\/ul>\n<\/div><\/section><\/div><div style='height:50px' class='hr hr-invisible  '><span class='hr-inner ' ><span class='hr-inner-style'><\/span><\/span><\/div><div class=\"flex_column av_one_full  flex_column_div first  too_long_btn_wrap \" style='border-width:2px; border-color:#ddd8ce; border-style:solid; padding:10px; background-color:#f8f8f8; border-radius:0px; '><section class=\"av_textblock_section\"  itemscope=\"itemscope\" itemtype=\"https:\/\/schema.org\/CreativeWork\" ><div class='avia_textblock  av_inherit_color'  style='font-size:14px; color:#444444; '  itemprop=\"text\" ><p style=\"text-align: center;\"><strong>P\u00f3ngase en contacto con nosotros para obtener informaci\u00f3n detallada (+ 82-31-988-4102)<\/strong><\/p>\n<\/div><\/section><\/div><div style='height:50px' class='hr hr-invisible  '><span class='hr-inner ' ><span class='hr-inner-style'><\/span><\/span><\/div><\/p>","protected":false},"excerpt":{"rendered":"","protected":false},"author":1,"featured_media":0,"parent":1820,"menu_order":5,"comment_status":"closed","ping_status":"closed","template":"template_subpage02.php","meta":[],"_links":{"self":[{"href":"http:\/\/www.smec.co.kr\/es\/wp-json\/wp\/v2\/pages\/1809"}],"collection":[{"href":"http:\/\/www.smec.co.kr\/es\/wp-json\/wp\/v2\/pages"}],"about":[{"href":"http:\/\/www.smec.co.kr\/es\/wp-json\/wp\/v2\/types\/page"}],"author":[{"embeddable":true,"href":"http:\/\/www.smec.co.kr\/es\/wp-json\/wp\/v2\/users\/1"}],"replies":[{"embeddable":true,"href":"http:\/\/www.smec.co.kr\/es\/wp-json\/wp\/v2\/comments?post=1809"}],"version-history":[{"count":4,"href":"http:\/\/www.smec.co.kr\/es\/wp-json\/wp\/v2\/pages\/1809\/revisions"}],"predecessor-version":[{"id":2872,"href":"http:\/\/www.smec.co.kr\/es\/wp-json\/wp\/v2\/pages\/1809\/revisions\/2872"}],"up":[{"embeddable":true,"href":"http:\/\/www.smec.co.kr\/es\/wp-json\/wp\/v2\/pages\/1820"}],"wp:attachment":[{"href":"http:\/\/www.smec.co.kr\/es\/wp-json\/wp\/v2\/media?parent=1809"}],"curies":[{"name":"wp","href":"https:\/\/api.w.org\/{rel}","templated":true}]}}