{"id":1777,"date":"2016-05-17T11:49:30","date_gmt":"2016-05-17T02:49:30","guid":{"rendered":"http:\/\/www.smec.co.kr\/es\/company_info\/"},"modified":"2016-07-07T20:58:31","modified_gmt":"2016-07-07T11:58:31","slug":"company_info","status":"publish","type":"page","link":"http:\/\/www.smec.co.kr\/es\/company\/company_info\/","title":{"rendered":"Presentaci\u00f3n"},"content":{"rendered":"<div class=\"flex_column av_one_full  flex_column_div av-zero-column-padding first  \" style='border-radius:0px; '><p><div style='padding-bottom:18px;' class='av-special-heading av-special-heading-h4  blockquote modern-quote  '><h4 class='av-special-heading-tag'  itemprop=\"headline\"  >Situaci\u00f3n de la empresa<\/h4><div class='special-heading-border'><div class='special-heading-inner-border' ><\/div><\/div><\/div><section class=\"av_textblock_section\"  itemscope=\"itemscope\" itemtype=\"https:\/\/schema.org\/CreativeWork\" ><div class='avia_textblock  av_inherit_color'  style='font-size:18px; color:#e60012; '  itemprop=\"text\" ><p class=\"bold\">Llevamos m\u00e1s de 50 a\u00f1os dedicados a producir motores, desde la fundaci\u00f3n de nuestra empresa en 1958.<\/p>\n<\/div><\/section><section class=\"av_textblock_section\"  itemscope=\"itemscope\" itemtype=\"https:\/\/schema.org\/CreativeWork\" ><div class='avia_textblock '  style='font-size:16px; '  itemprop=\"text\" ><p class=\"bold\">Desde 1974, hemos recibido el KS y distintas certificaciones, gracias a la tecnolog\u00eda de dise\u00f1o y producci\u00f3n acumulada por nuestro centro de investigaci\u00f3n. Tambi\u00e9n fabricamos productos cualificados para el mercado nacional y extranjero desde que adquirimos la aprobaci\u00f3n UL y la certificaci\u00f3n CE en 1981.<\/p>\n<\/div><\/section><section class=\"av_textblock_section\"  itemscope=\"itemscope\" itemtype=\"https:\/\/schema.org\/CreativeWork\" ><div class='avia_textblock '  style='font-size:16px; '  itemprop=\"text\" ><p class=\"bold\">Nos esforzamos para satisfacer las necesidades de nuestros clientes poniendo a su disposici\u00f3n productos id\u00f3neos para diversas industrias relacionadas con los motores, como motores de engranajes + EP desarrollados como alternativas a los productos de importaci\u00f3n y motores para maquinaria agr\u00edcola. Tambi\u00e9n tenemos varios tipos de sistemas de producci\u00f3n de motores personalizados basados en la producci\u00f3n de motores.<\/p>\n<\/div><\/section><\/p><\/div><div class=\"flex_column av_one_full  flex_column_div av-zero-column-padding first  \" style='border-radius:0px; '><div style='padding-bottom:18px;' class='av-special-heading av-special-heading-h4  blockquote modern-quote  '><h4 class='av-special-heading-tag'  itemprop=\"headline\"  >Situaci\u00f3n general<\/h4><div class='special-heading-border'><div class='special-heading-inner-border' ><\/div><\/div><\/div><\/div><div class=\"flex_column av_one_full  flex_column_div av-zero-column-padding first  table_wrap \" style='margin-top:0px; margin-bottom:0px; border-radius:0px; '><section class=\"av_textblock_section\"  itemscope=\"itemscope\" itemtype=\"https:\/\/schema.org\/CreativeWork\" ><div class='avia_textblock '   itemprop=\"text\" ><table border=\"1\" width=\"100%\" cellspacing=\"0\" cellpadding=\"0\">\n<tbody>\n<tr>\n<th scope=\"col\">nombre de empresa<\/th>\n<td scope=\"col\">Shinmyung Electric Mfg Co., Ltd. (SMC)<\/td>\n<th scope=\"col\">Fundaci\u00f3n<\/th>\n<td scope=\"col\">Septiembre de 1958<\/td>\n<\/tr>\n<tr>\n<th scope=\"row\">Capital social<\/th>\n<td>515 millones de wones<\/td>\n<th>Empleados<\/th>\n<td>44 (en Corea) \/120 (en el extranjero)<\/td>\n<\/tr>\n<tr>\n<th scope=\"row\">Certificaciones<\/th>\n<td>&#8211; KS, ISO9001, UL, CE, instalaciones altamente eficientes<br \/>&#8211; INNO-BIZ, venture company, centro de investigaci\u00f3n tecnol\u00f3gica<br \/>&#8211; Lugar de trabajo limpio, certificaci\u00f3n de empresa especialista en piezas y materiales<br \/>&#8211; Buen lugar de trabajo (SMBC)<\/td>\n<th>Pol\u00edticas corporativas<br \/>(socios, externalizaci\u00f3n)<\/th>\n<td>&#8211; Socios nacionales y extranjeros: suministro de maquinaria e instalaciones<br \/>\u2013 Reducci\u00f3n de costos (win-win)<br \/>&#8211; Nuestra empresa: se encarga del almacenamiento y la inspecci\u00f3n de los materiales y del proceso de montaje<\/td>\n<\/tr>\n<tr>\n<th scope=\"row\">Situaci\u00f3n de las exportaciones<\/th>\n<td>&#8211; Premio Export Tower 5 millones de d\u00f3lares $ (Asociaci\u00f3n de Comercio de Corea: 2012)<br \/>&#8211; Premio Export Tower 10 millones de d\u00f3lares $ (Asociaci\u00f3n de Comercio de Corea: 2013)<\/td>\n<th>Facturaci\u00f3n 2015<\/th>\n<td>15 000 millones de wones<\/td>\n<\/tr>\n<\/tbody>\n<\/table>\n<\/div><\/section><\/div><div style='height:30px' class='hr hr-invisible  '><span class='hr-inner ' ><span class='hr-inner-style'><\/span><\/span><\/div><\/p><div class=\"flex_column av_one_full  flex_column_div av-zero-column-padding first  \" style='border-radius:0px; '><p><div style='padding-bottom:18px;' class='av-special-heading av-special-heading-h4  blockquote modern-quote  '><h4 class='av-special-heading-tag'  itemprop=\"headline\"  >Pol\u00edtica de gesti\u00f3n<\/h4><div class='special-heading-border'><div class='special-heading-inner-border' ><\/div><\/div><\/div><section class=\"av_textblock_section\"  itemscope=\"itemscope\" itemtype=\"https:\/\/schema.org\/CreativeWork\" ><div class='avia_textblock '  style='font-size:16px; '  itemprop=\"text\" ><p class=\"bold\"><span class=\"point-blue\">Todos nuestros empleados se esfuerzan para responder eficazmente a nuestros clientes con el fin de lograr la mejor calidad, la mayor satisfacci\u00f3n del cliente y una cooperaci\u00f3n mutua, bas\u00e1ndose en la filosof\u00eda de gesti\u00f3n de \u00abpriorizar una respuesta activa a las necesidades de los clientes\u00bb.<\/span><\/p>\n<\/div><\/section><div class='avia-image-container  av-styling-    avia-align-center '  itemscope=\"itemscope\" itemtype=\"https:\/\/schema.org\/ImageObject\"  ><div class='avia-image-container-inner'><img class='avia_image ' src='http:\/\/www.smec.co.kr\/wp-content\/uploads\/2016\/05\/com_1-2.jpg' alt='' title='com_1'   itemprop=\"contentURL\"  \/><\/div><\/div><\/p><\/div>","protected":false},"excerpt":{"rendered":"","protected":false},"author":1,"featured_media":0,"parent":1795,"menu_order":0,"comment_status":"closed","ping_status":"closed","template":"template_subpage02.php","meta":[],"_links":{"self":[{"href":"http:\/\/www.smec.co.kr\/es\/wp-json\/wp\/v2\/pages\/1777"}],"collection":[{"href":"http:\/\/www.smec.co.kr\/es\/wp-json\/wp\/v2\/pages"}],"about":[{"href":"http:\/\/www.smec.co.kr\/es\/wp-json\/wp\/v2\/types\/page"}],"author":[{"embeddable":true,"href":"http:\/\/www.smec.co.kr\/es\/wp-json\/wp\/v2\/users\/1"}],"replies":[{"embeddable":true,"href":"http:\/\/www.smec.co.kr\/es\/wp-json\/wp\/v2\/comments?post=1777"}],"version-history":[{"count":4,"href":"http:\/\/www.smec.co.kr\/es\/wp-json\/wp\/v2\/pages\/1777\/revisions"}],"predecessor-version":[{"id":2014,"href":"http:\/\/www.smec.co.kr\/es\/wp-json\/wp\/v2\/pages\/1777\/revisions\/2014"}],"up":[{"embeddable":true,"href":"http:\/\/www.smec.co.kr\/es\/wp-json\/wp\/v2\/pages\/1795"}],"wp:attachment":[{"href":"http:\/\/www.smec.co.kr\/es\/wp-json\/wp\/v2\/media?parent=1777"}],"curies":[{"name":"wp","href":"https:\/\/api.w.org\/{rel}","templated":true}]}}